{"id":746,"date":"2018-10-30T09:26:21","date_gmt":"2018-10-30T09:26:21","guid":{"rendered":"https:\/\/treize.lis-lab.fr\/?page_id=746"},"modified":"2026-03-04T19:39:20","modified_gmt":"2026-03-04T19:39:20","slug":"presentation-lsf","status":"publish","type":"page","link":"https:\/\/treize.lis-lab.fr\/?page_id=746","title":{"rendered":"Pr\u00e9sentation LSF"},"content":{"rendered":"<h2 class=\"wp-block-heading\">Treize Minutes Marseille en Langue des Signes Fran\u00e7aise\u00a0!<\/h2>\n\n\n\n<p>Pour l&rsquo;\u00e9dition du 7 avril 2026, les deux repr\u00e9sentations seront traduites en LSF.<\/p>\n\n\n\n<p><strong>Vous pouvez r\u00e9server des places en s\u00e9lectionnant \u00ab\u00a0l&rsquo;option LSF\u00a0\u00bb lors de la r\u00e9servation. <\/strong><\/p>\n\n\n\n<p><strong><a href=\"https:\/\/www.eventbrite.fr\/e\/billets-treize-minutes-marseille-2026-1983521238419\" data-type=\"link\" data-id=\"https:\/\/www.eventbrite.com\/e\/billets-treize-minutes-marseille-2025-1266967276229\" target=\"_blank\" rel=\"noreferrer noopener\">Cliquez ici<\/a>\u00a0pour vous r\u00e9server votre place<\/strong>.<\/p>\n\n\n\n<div><iframe src=\"https:\/\/player.vimeo.com\/video\/1169194311?autoplay=0\" allow=\"fullscreen\" allowfullscreen=\"\" style=\"padding:0;width:100%;height:500px;\" frameborder=\"0\"><\/iframe>\n\n\n\n<h2 class=\"wp-block-heading\">D\u00e9couvrez les Treize Minutes Marseille en LSF<\/h2>\n\n\n\n<p>Petites conf\u00e9rences de treize minutes accessibles \u00e0 tous, traduites en LSF sur place et en ligne. D\u00e9couvrez les vid\u00e9os des \u00e9ditions pr\u00e9c\u00e9dentes (cliquez sur les photos) :<\/p>\n\n\n\n<p class=\"has-text-align-left\"><a href=\"https:\/\/vimeo.com\/838304873\" target=\"_blank\" rel=\"noopener\"><img loading=\"lazy\" decoding=\"async\" class=\"alignnone size-full wp-image-1763\" src=\"https:\/\/treize.lis-lab.fr\/wps\/wp-content\/uploads\/mh23___vignette.png\" alt=\"\" width=\"236\" height=\"157\"><\/a>D\u00e9fense et illustration de la langue des signes<\/p>\n\n\n\n<p class=\"has-text-align-left\"><a href=\"https:\/\/vimeo.com\/838302326\" target=\"_blank\" rel=\"noopener\"><img loading=\"lazy\" decoding=\"async\" class=\"alignnone size-full wp-image-1760\" src=\"https:\/\/treize.lis-lab.fr\/wps\/wp-content\/uploads\/at23_vignette.png\" alt=\"\" width=\"236\" height=\"157\"><\/a>Quand la musique c\u00e9r\u00e9brale dissone,les mots ne viennent pas<\/p>\n\n\n\n<p class=\"has-text-align-left\"><a href=\"https:\/\/vimeo.com\/838296213\" target=\"_blank\" rel=\"noopener\"><img loading=\"lazy\" decoding=\"async\" class=\"alignnone size-full wp-image-1766\" src=\"https:\/\/treize.lis-lab.fr\/wps\/wp-content\/uploads\/tc23_vignette.png\" alt=\"\" width=\"236\" height=\"157\"><\/a>L\u2019\u00e9cho des lumi\u00e8res<\/p>\n\n\n\n<p class=\"has-text-align-left\"><a href=\"https:\/\/vimeo.com\/838301070\" target=\"_blank\" rel=\"noopener\"><img loading=\"lazy\" decoding=\"async\" class=\"alignnone size-full wp-image-1765\" src=\"https:\/\/treize.lis-lab.fr\/wps\/wp-content\/uploads\/sg23_vignette.png\" alt=\"\" width=\"236\" height=\"157\"><\/a>Le thon donne le ton<\/p>\n\n\n\n<p class=\"has-text-align-left\"><a href=\"https:\/\/vimeo.com\/838304037\" target=\"_blank\" rel=\"noopener\"><img loading=\"lazy\" decoding=\"async\" class=\"alignnone wp-image-1835 size-full\" src=\"https:\/\/treize.lis-lab.fr\/wps\/wp-content\/uploads\/ja23_vignette.png\" alt=\"\" width=\"236\" height=\"157\"><\/a>Des for\u00eats, des savanes et des Hommes<\/p>\n\n\n\n<p class=\"has-text-align-left\"><a href=\"https:\/\/vimeo.com\/838303900\" target=\"_blank\" rel=\"noopener\"><img loading=\"lazy\" decoding=\"async\" class=\"alignnone wp-image-1761 size-full\" src=\"https:\/\/treize.lis-lab.fr\/wps\/wp-content\/uploads\/bm23_vignette.png\" alt=\"\" width=\"236\" height=\"157\"><\/a>Bonnie and Clyde, hackers perdus<\/p>\n\n\n\n<p class=\"has-text-align-left\"><a href=\"https:\/\/vimeo.com\/395464058\" target=\"_blank\" rel=\"noopener noreferrer\"><img loading=\"lazy\" decoding=\"async\" class=\"alignnone size-full wp-image-803\" src=\"https:\/\/treize.lis-lab.fr\/wps\/wp-content\/uploads\/ir19_vignette.png\" alt=\"ir19_vignette\" width=\"279\" height=\"157\"><\/a>Les filles sont nulles en maths<\/p>\n\n\n\n<p class=\"has-text-align-left\"><a href=\"https:\/\/vimeo.com\/395463686\" target=\"_blank\" rel=\"noopener noreferrer\"><img loading=\"lazy\" decoding=\"async\" class=\"alignnone size-full wp-image-803\" src=\"https:\/\/treize.lis-lab.fr\/wps\/wp-content\/uploads\/mo19_vignette.png\" alt=\"mo19_vignette\" width=\"279\" height=\"157\"><\/a>Machines humaines<\/p>\n\n\n\n<p class=\"has-text-align-left\"><a href=\"https:\/\/vimeo.com\/395462640\" target=\"_blank\" rel=\"noopener noreferrer\"><img loading=\"lazy\" decoding=\"async\" class=\"alignnone size-full wp-image-803\" src=\"https:\/\/treize.lis-lab.fr\/wps\/wp-content\/uploads\/sd19_vignette.png\" alt=\"sd19_vignette\" width=\"279\" height=\"157\"><\/a>Qu\u2019est-ce qu\u2019un nombre imaginaire ?<\/p>\n\n\n\n<p class=\"has-text-align-left\"><a href=\"https:\/\/vimeo.com\/395466210\" target=\"_blank\" rel=\"noopener noreferrer\"><img loading=\"lazy\" decoding=\"async\" class=\"alignnone size-full wp-image-803\" src=\"https:\/\/treize.lis-lab.fr\/wps\/wp-content\/uploads\/mt19_vignette.png\" alt=\"mt19_vignette\" width=\"279\" height=\"157\"><\/a>Ce que le mistral fit au plancton<\/p>\n\n\n\n<p class=\"has-text-align-left\"><a href=\"https:\/\/vimeo.com\/395460695\" target=\"_blank\" rel=\"noopener noreferrer\"><img loading=\"lazy\" decoding=\"async\" class=\"alignnone size-full wp-image-803\" src=\"https:\/\/treize.lis-lab.fr\/wps\/wp-content\/uploads\/fa19_vignette.png\" alt=\"fa19_vignette\" width=\"279\" height=\"157\"><\/a>Transport : et si la solution venait des Suds ?<\/p>\n\n\n\n<p class=\"has-text-align-left\"><a href=\"https:\/\/vimeo.com\/395465662\" target=\"_blank\" rel=\"noopener noreferrer\"><img loading=\"lazy\" decoding=\"async\" class=\"alignnone size-full wp-image-803\" src=\"https:\/\/treize.lis-lab.fr\/wps\/wp-content\/uploads\/sv19_vignette.png\" alt=\"sv19_vignette\" width=\"279\" height=\"157\"><\/a>AntBot : un robot fourmi pas d\u00e9boussol\u00e9<\/p>\n\n\n\n<p class=\"has-text-align-left\"><a href=\"https:\/\/vimeo.com\/314743979\" target=\"_blank\" rel=\"noopener noreferrer\"><img loading=\"lazy\" decoding=\"async\" class=\"alignnone size-full wp-image-803\" src=\"https:\/\/treize.lis-lab.fr\/wps\/wp-content\/uploads\/ds18_vignette.png\" alt=\"ds18_vignette\" width=\"279\" height=\"157\"><\/a> Oscillons avec le monde !<\/p>\n\n\n\n<p class=\"has-text-align-left\"><a href=\"https:\/\/vimeo.com\/314744331\" target=\"_blank\" rel=\"noopener noreferrer\"><img loading=\"lazy\" decoding=\"async\" class=\"alignnone size-full wp-image-804\" src=\"https:\/\/treize.lis-lab.fr\/wps\/wp-content\/uploads\/fz18_vignette.png\" alt=\"fz18_vignette\" width=\"279\" height=\"157\"><\/a> In Silico Veritas ?<\/p>\n\n\n\n<p class=\"has-text-align-left\"><a href=\"https:\/\/vimeo.com\/314744477\" target=\"_blank\" rel=\"noopener noreferrer\"><img loading=\"lazy\" decoding=\"async\" class=\"alignnone size-full wp-image-805\" src=\"https:\/\/treize.lis-lab.fr\/wps\/wp-content\/uploads\/gb18_vignette.png\" alt=\"gb18_vignette\" width=\"279\" height=\"157\"><\/a> Lib\u00e9r\u00e9s, d\u00e9livr\u00e9s\u2026 avec le reggae !<\/p>\n\n\n\n<p class=\"has-text-align-left\"><a href=\"https:\/\/vimeo.com\/314744856\" target=\"_blank\" rel=\"noopener noreferrer\"><img loading=\"lazy\" decoding=\"async\" class=\"alignnone size-full wp-image-806\" src=\"https:\/\/treize.lis-lab.fr\/wps\/wp-content\/uploads\/kp18_vignette.png\" alt=\"kp18_vignette\" width=\"279\" height=\"157\"><\/a> L&rsquo;ordinateur le plus lent du monde<\/p>\n\n\n\n<p class=\"has-text-align-left\"><a href=\"https:\/\/vimeo.com\/314743818\" target=\"_blank\" rel=\"noopener noreferrer\"><img loading=\"lazy\" decoding=\"async\" class=\"alignnone size-full wp-image-802\" src=\"https:\/\/treize.lis-lab.fr\/wps\/wp-content\/uploads\/cg18_vignette.png\" alt=\"cg18_vignette\" width=\"279\" height=\"157\"><\/a> La technologie dans l&rsquo;urgence<\/p>\n\n\n\n<p class=\"has-text-align-left\"><a href=\"https:\/\/vimeo.com\/314743657\" target=\"_blank\" rel=\"noopener noreferrer\"><img loading=\"lazy\" decoding=\"async\" class=\"alignnone size-full wp-image-807\" src=\"https:\/\/treize.lis-lab.fr\/wps\/wp-content\/uploads\/lr18_vignette.png\" alt=\"lr18_vignette\" width=\"279\" height=\"157\"><\/a> Logique !<\/p>\n\n\n\n<p class=\"has-text-align-left\"><a href=\"https:\/\/vimeo.com\/259837030\" target=\"_blank\" rel=\"noopener noreferrer\"><img loading=\"lazy\" decoding=\"async\" class=\"size-full wp-image-692\" src=\"https:\/\/treize.lis-lab.fr\/wps\/wp-content\/uploads\/fb17_vignette.png\" alt=\"fb17_vignette\" width=\"279\" height=\"157\"><\/a> Qui se cache derri\u00e8re nos assistants vocaux&nbsp;?<\/p>\n\n\n\n<p class=\"has-text-align-left\"><a href=\"https:\/\/vimeo.com\/259837351\" target=\"_blank\" rel=\"noopener noreferrer\"><img loading=\"lazy\" decoding=\"async\" class=\"size-full wp-image-693\" src=\"https:\/\/treize.lis-lab.fr\/wps\/wp-content\/uploads\/nfc17_vignette.png\" alt=\"nfc17_vignette\" width=\"279\" height=\"157\"><\/a> La tra\u00e7abilit\u00e9&nbsp;: importante et difficile&nbsp;?<\/p>\n\n\n\n<p class=\"has-text-align-left\"><a href=\"https:\/\/vimeo.com\/254710726\" target=\"_blank\" rel=\"noopener noreferrer\"><img loading=\"lazy\" decoding=\"async\" class=\"size-full wp-image-691\" src=\"https:\/\/treize.lis-lab.fr\/wps\/wp-content\/uploads\/ecm17_vignette.png\" alt=\"ecm17_vignette\" width=\"279\" height=\"157\"><\/a> Peut-on observer les astres qui n&rsquo;\u00e9mettent pas de lumi\u00e8re&nbsp;?<\/p>\n\n\n\n<p class=\"has-text-align-left\"><a href=\"https:\/\/vimeo.com\/254711029\" target=\"_blank\" rel=\"noopener noreferrer\"><img loading=\"lazy\" decoding=\"async\" class=\"size-full wp-image-690\" src=\"https:\/\/treize.lis-lab.fr\/wps\/wp-content\/uploads\/am17_vignette.png\" alt=\"am17_vignette\" width=\"279\" height=\"157\"><\/a> Et si la parole \u00e9tait d\u2019origine gestuelle chez nos anc\u00eatres&nbsp;?<\/p>\n\n\n\n<p class=\"has-text-align-left\"><a href=\"https:\/\/vimeo.com\/254710866\" target=\"_blank\" rel=\"noopener noreferrer\"><img loading=\"lazy\" decoding=\"async\" class=\"size-full wp-image-695\" src=\"https:\/\/treize.lis-lab.fr\/wps\/wp-content\/uploads\/vb17_vignette.png\" alt=\"vb17_vignette\" width=\"279\" height=\"157\"><\/a> Le vivant dans ses secrets les plus intimes&nbsp;!<\/p>\n\n\n\n<p class=\"has-text-align-left\"><a href=\"https:\/\/vimeo.com\/259837414\" target=\"_blank\" rel=\"noopener noreferrer\"><img loading=\"lazy\" decoding=\"async\" class=\"size-full wp-image-694\" src=\"https:\/\/treize.lis-lab.fr\/wps\/wp-content\/uploads\/sc17_vignette.png\" alt=\"sc17_vignette\" width=\"279\" height=\"157\"><\/a> Changeons notre regard sur N\u00e9andertal&nbsp;!<\/p>\n\n\n\n<p class=\"has-text-align-left\"><a href=\"https:\/\/vimeo.com\/199176439\" target=\"_blank\" rel=\"noopener noreferrer\"><img loading=\"lazy\" decoding=\"async\" class=\"size-full wp-image-63\" src=\"https:\/\/treize.lis-lab.fr\/wps\/wp-content\/uploads\/mgc16_vignette.png\" alt=\"mgc16_vignette\" width=\"279\" height=\"157\"><\/a> Le marseillais, langue scientifique&nbsp;?<\/p>\n\n\n\n<p class=\"has-text-align-left\"><a href=\"https:\/\/vimeo.com\/198349877\" target=\"_blank\" rel=\"noopener noreferrer\"><img loading=\"lazy\" decoding=\"async\" class=\"size-full wp-image-63\" src=\"https:\/\/treize.lis-lab.fr\/wps\/wp-content\/uploads\/yv16_vignette.png\" alt=\"yv16_vignette\" width=\"279\" height=\"157\"><\/a> Comment et pourquoi les algorithmes fonctionnent-ils&nbsp;?<\/p>\n\n\n\n<p class=\"has-text-align-left\"><a href=\"https:\/\/vimeo.com\/199177056\" target=\"_blank\" rel=\"noopener noreferrer\"><img loading=\"lazy\" decoding=\"async\" class=\"size-full wp-image-63\" src=\"https:\/\/treize.lis-lab.fr\/wps\/wp-content\/uploads\/al16_vignette.png\" alt=\"al16_vignette\" width=\"279\" height=\"157\"><\/a> Appr\u00e9ciez la beaut\u00e9 des maths&nbsp;!<\/p>\n\n\n\n<p class=\"has-text-align-left\"><a href=\"https:\/\/vimeo.com\/198349752\" target=\"_blank\" rel=\"noopener noreferrer\"><img loading=\"lazy\" decoding=\"async\" class=\"size-full wp-image-63\" src=\"https:\/\/treize.lis-lab.fr\/wps\/wp-content\/uploads\/fe16_vignette.png\" alt=\"fe16_vignette\" width=\"279\" height=\"157\"><\/a> Combattre le VIH, le paludisme et la tuberculose en Afrique&nbsp;?<\/p>\n\n\n\n<p class=\"has-text-align-left\"><a href=\"https:\/\/vimeo.com\/199176220\" target=\"_blank\" rel=\"noopener noreferrer\"><img loading=\"lazy\" decoding=\"async\" class=\"size-full wp-image-63\" src=\"https:\/\/treize.lis-lab.fr\/wps\/wp-content\/uploads\/cc16_vignette.png\" alt=\"cc16_vignette\" width=\"279\" height=\"157\"><\/a> Les m\u00e9tronomes&#8230; atomiques&nbsp;!<\/p>\n\n\n\n<p class=\"has-text-align-left\"><a href=\"https:\/\/vimeo.com\/198349811\" target=\"_blank\" rel=\"noopener noreferrer\"><img loading=\"lazy\" decoding=\"async\" class=\"size-full wp-image-63\" src=\"https:\/\/treize.lis-lab.fr\/wps\/wp-content\/uploads\/rk16_vignette.png\" alt=\"rk16_vignette\" width=\"279\" height=\"157\"><\/a> Le langage des sons et ses enjeux<\/p>\n\n\n\n<p class=\"has-text-align-left\"><a href=\"https:\/\/vimeo.com\/199176696\" target=\"_blank\" rel=\"noopener noreferrer\"><img loading=\"lazy\" decoding=\"async\" class=\"size-full wp-image-63\" src=\"https:\/\/treize.lis-lab.fr\/wps\/wp-content\/uploads\/pl16_vignette.png\" alt=\"pl16_vignette\" width=\"279\" height=\"157\"><\/a> On perd tous nos capacit\u00e9s intellectuelles&nbsp;!<\/p>\n\n\n\n<p class=\"has-text-align-left\"><a href=\"https:\/\/vimeo.com\/151121226\" target=\"_blank\" rel=\"noopener noreferrer\"><img loading=\"lazy\" decoding=\"async\" class=\"size-full wp-image-63\" src=\"https:\/\/treize.lis-lab.fr\/wps\/wp-content\/uploads\/xm15_vignette.png\" alt=\"xm15_vignette\" width=\"279\" height=\"157\"><\/a> Comment le phytoplancton pompe le CO2 ?<\/p>\n\n\n\n<p class=\"has-text-align-left\"><a href=\"https:\/\/player.vimeo.com\/video\/151121225\" target=\"_blank\" rel=\"noopener noreferrer\"><img loading=\"lazy\" decoding=\"async\" class=\"size-full wp-image-51\" src=\"https:\/\/treize.lis-lab.fr\/wps\/wp-content\/uploads\/fh15_vignette.png\" alt=\"fh15_vignette\" width=\"279\" height=\"157\"><\/a> Quel impact quand on oublie ses m\u00e9dicaments ?<\/p>\n\n\n\n<p class=\"has-text-align-left\"><a href=\"https:\/\/vimeo.com\/151114482\" target=\"_blank\" rel=\"noopener noreferrer\"><img loading=\"lazy\" decoding=\"async\" class=\"size-full wp-image-61\" src=\"https:\/\/treize.lis-lab.fr\/wps\/wp-content\/uploads\/ss15_vignette.png\" alt=\"ss15_vignette\" width=\"279\" height=\"157\"><\/a> Nature et calcul&#8230;<\/p>\n\n\n\n<p class=\"has-text-align-left\"><a href=\"https:\/\/vimeo.com\/151121224\" target=\"_blank\" rel=\"noopener noreferrer\"><img loading=\"lazy\" decoding=\"async\" class=\"size-full wp-image-52\" src=\"https:\/\/treize.lis-lab.fr\/wps\/wp-content\/uploads\/fs15_vignette.png\" alt=\"fs15_vignette\" width=\"280\" height=\"158\"><\/a> Y a-t-il un GPS dans le cerveau&nbsp;?<\/p>","protected":false},"excerpt":{"rendered":"<p>Treize Minutes Marseille en Langue des Signes Fran\u00e7aise\u00a0! Pour l&rsquo;\u00e9dition du 7 avril 2026, les deux repr\u00e9sentations seront traduites en LSF. Vous pouvez r\u00e9server des places en s\u00e9lectionnant \u00ab\u00a0l&rsquo;option LSF\u00a0\u00bb lors de la r\u00e9servation. Cliquez ici\u00a0pour vous r\u00e9server votre place. D\u00e9couvrez les Treize Minutes Marseille en LSF Petites conf\u00e9rences de treize minutes accessibles \u00e0 tous, &hellip; <a href=\"https:\/\/treize.lis-lab.fr\/?page_id=746\" class=\"more-link\">Continuer la lecture de <span class=\"screen-reader-text\">Pr\u00e9sentation LSF<\/span> <span class=\"meta-nav\">&rarr;<\/span><\/a><\/p>","protected":false},"author":2,"featured_media":0,"parent":0,"menu_order":0,"comment_status":"closed","ping_status":"closed","template":"","meta":{"__cvm_playback_settings":[],"__cvm_video_id":"","footnotes":""},"class_list":["post-746","page","type-page","status-publish","hentry"],"_links":{"self":[{"href":"https:\/\/treize.lis-lab.fr\/index.php?rest_route=\/wp\/v2\/pages\/746","targetHints":{"allow":["GET"]}}],"collection":[{"href":"https:\/\/treize.lis-lab.fr\/index.php?rest_route=\/wp\/v2\/pages"}],"about":[{"href":"https:\/\/treize.lis-lab.fr\/index.php?rest_route=\/wp\/v2\/types\/page"}],"author":[{"embeddable":true,"href":"https:\/\/treize.lis-lab.fr\/index.php?rest_route=\/wp\/v2\/users\/2"}],"replies":[{"embeddable":true,"href":"https:\/\/treize.lis-lab.fr\/index.php?rest_route=%2Fwp%2Fv2%2Fcomments&post=746"}],"version-history":[{"count":98,"href":"https:\/\/treize.lis-lab.fr\/index.php?rest_route=\/wp\/v2\/pages\/746\/revisions"}],"predecessor-version":[{"id":2349,"href":"https:\/\/treize.lis-lab.fr\/index.php?rest_route=\/wp\/v2\/pages\/746\/revisions\/2349"}],"wp:attachment":[{"href":"https:\/\/treize.lis-lab.fr\/index.php?rest_route=%2Fwp%2Fv2%2Fmedia&parent=746"}],"curies":[{"name":"wp","href":"https:\/\/api.w.org\/{rel}","templated":true}]}}