{"id":388,"date":"2016-11-29T13:09:44","date_gmt":"2016-11-29T13:09:44","guid":{"rendered":"http:\/\/treize.lif.univ-mrs.fr\/?page_id=388"},"modified":"2025-04-29T04:59:13","modified_gmt":"2025-04-29T04:59:13","slug":"streaming","status":"publish","type":"page","link":"https:\/\/treize.lis-lab.fr\/?page_id=388","title":{"rendered":"Streaming"},"content":{"rendered":"<h1>Streaming en direct des Treize Minutes Marseille<\/h1>\n\n\n<!--<iframe loading=\"lazy\" width=\"560\" height=\"315\" src=\"https:\/\/www.youtube.com\/embed\/UFocXRzR5s0?start=490\" title=\"YouTube video player\" frameborder=\"0\" allow=\"accelerometer; autoplay; clipboard-write; encrypted-media; gyroscope; picture-in-picture; web-share\" allowfullscreen><\/iframe>-->\n<iframe loading=\"lazy\" width=\"560\" height=\"315\" src=\"https:\/\/www.youtube.com\/embed\/25tzieN8sW8\" title=\"YouTube video player\" frameborder=\"0\" allow=\"accelerometer; autoplay; clipboard-write; encrypted-media; gyroscope; picture-in-picture; web-share\" allowfullscreen><\/iframe>\n\n\n\n<!--\n<div style=\"padding: 50.25% 0 0 0;position:relative;\">\n<table>\n   <tr>\n       <td> <iframe src=\"https:\/\/vimeo.com\/event\/1234013\/embed\" allow=\"autoplay; fullscreen; picture-in-picture\" allowfullscreen=\"\" style=\"position:absolute;top:0%;left:0%;width:120%;height:120%;\" frameborder=\"0\"><\/iframe>\n<\/td>\n       <td><iframe src=\"https:\/\/vimeo.com\/event\/1234013\/chat\/\" style=\"position:absolute;top:0;left:102%;width:30%;height:120%;\" frameborder=\"0\"><\/iframe><\/td>\n   <\/tr>\n<\/table>\n<\/div>\n-->\n\n\n\n<!--\n<iframe loading=\"lazy\" src=\"https:\/\/www.youtube.com\/embed\/6dAwKrl5yGI\" allowfullscreen=\"allowfullscreen\" width=\"560\" height=\"315\" frameborder=\"0\"><\/iframe>\n-->\n<!--\n<iframe loading=\"lazy\" src=\"https:\/\/www.youtube.com\/embed\/DWB2lUOkNuc?start=1996\" width=\"560\" height=\"3150\" frameborder=\"0\" allowfullscreen=\"allowfullscreen\"><\/iframe>\n-->\n\n<!--\n<p>Vous pouvez tweeter en direct avec le hashtag #13min, en particulier pour poser vos questions, dont certaines seront relay\u00e9es aux intervenants lors des 13 minutes de questions \u00e0 la fin.\n\nL'acc\u00e8s est \u00e9tabli au moment de la diffusion. Si vous rencontrez des probl\u00e8mes de transmission (vid\u00e9o, son), essayez de recharger la page. Vous pouvez \u00e9galement utiliser le lien direct en <a href=\"https:\/\/youtu.be\/DWB2lUOkNuc&amp;t=33m16s\" target=\"_blank\" rel=\"noopener noreferrer\">cliquant ici<\/a>.\n<\/p>\n-->\n\n\n\n<div class=\"wp-block-columns is-layout-flex wp-container-core-columns-is-layout-9d6595d7 wp-block-columns-is-layout-flex\">\n<div class=\"wp-block-column is-layout-flow wp-block-column-is-layout-flow\"><\/div>\n<\/div>","protected":false},"excerpt":{"rendered":"<p>Streaming en direct des Treize Minutes Marseille<\/p>","protected":false},"author":2,"featured_media":0,"parent":0,"menu_order":0,"comment_status":"closed","ping_status":"closed","template":"","meta":{"__cvm_playback_settings":[],"__cvm_video_id":"","footnotes":""},"class_list":["post-388","page","type-page","status-publish","hentry"],"_links":{"self":[{"href":"https:\/\/treize.lis-lab.fr\/index.php?rest_route=\/wp\/v2\/pages\/388","targetHints":{"allow":["GET"]}}],"collection":[{"href":"https:\/\/treize.lis-lab.fr\/index.php?rest_route=\/wp\/v2\/pages"}],"about":[{"href":"https:\/\/treize.lis-lab.fr\/index.php?rest_route=\/wp\/v2\/types\/page"}],"author":[{"embeddable":true,"href":"https:\/\/treize.lis-lab.fr\/index.php?rest_route=\/wp\/v2\/users\/2"}],"replies":[{"embeddable":true,"href":"https:\/\/treize.lis-lab.fr\/index.php?rest_route=%2Fwp%2Fv2%2Fcomments&post=388"}],"version-history":[{"count":83,"href":"https:\/\/treize.lis-lab.fr\/index.php?rest_route=\/wp\/v2\/pages\/388\/revisions"}],"predecessor-version":[{"id":2157,"href":"https:\/\/treize.lis-lab.fr\/index.php?rest_route=\/wp\/v2\/pages\/388\/revisions\/2157"}],"wp:attachment":[{"href":"https:\/\/treize.lis-lab.fr\/index.php?rest_route=%2Fwp%2Fv2%2Fmedia&parent=388"}],"curies":[{"name":"wp","href":"https:\/\/api.w.org\/{rel}","templated":true}]}}