{"id":2029,"date":"2024-10-21T12:48:52","date_gmt":"2024-10-21T12:48:52","guid":{"rendered":"https:\/\/treize.lis-lab.fr\/?page_id=2029"},"modified":"2026-02-04T13:04:18","modified_gmt":"2026-02-04T13:04:18","slug":"scolaires","status":"publish","type":"page","link":"https:\/\/treize.lis-lab.fr\/?page_id=2029","title":{"rendered":"Scolaires"},"content":{"rendered":"<h1 class=\"wp-block-heading\">Dispositifs pour les scolaires<\/h1>\n\n\n\n<p><strong>Les Treize Minutes Marseille<\/strong> s\u2019adressent principalement aux lyc\u00e9ens, mais certaines activit\u00e9s peuvent \u00e9galement convenir aux coll\u00e9giens. Trois dispositifs ont \u00e9t\u00e9 con\u00e7us pour r\u00e9pondre \u00e0 diff\u00e9rents besoins p\u00e9dagogiques:<\/p>\n\n\n\n<ol class=\"wp-block-list\">\n<li><strong>Assister \u00e0 l\u2019\u00e9v\u00e9nement<\/strong><br>Les classes peuvent assister aux \u00e9ditions classiques des Treize Minutes Marseille, accompagn\u00e9es de leurs enseignants.\n<ul class=\"wp-block-list\">\n<li><strong>Inscription :<\/strong>\u00a0contacter l\u2019\u00e9quipe via le formulaire de contact : <a href=\"https:\/\/amuform.univ-amu.fr\/treize-minutes-marseille\" data-type=\"link\" data-id=\"https:\/\/amuform.univ-amu.fr\/treize-minutes-marseille\">cliquer ici<\/a><\/li>\n\n\n\n<li><strong>Horaires :<\/strong>&nbsp;chaque \u00e9v\u00e9nement propose deux sessions, \u00e0 17h et \u00e0 20h30, la session de 17h \u00e9tant g\u00e9n\u00e9ralement privil\u00e9gi\u00e9e par les enseignants.<\/li>\n\n\n\n<li><strong>Jour de l\u2019\u00e9v\u00e9nement :<\/strong>&nbsp;pr\u00e9voir d\u2019arriver 20 \u00e0 30 minutes \u00e0 l\u2019avance. Des places contigu\u00ebs seront r\u00e9serv\u00e9es pour la classe.<\/li>\n<\/ul>\n<\/li>\n\n\n\n<li><strong>Assister \u00e0 l\u2019\u00e9v\u00e9nement et approfondir<\/strong><br>En compl\u00e9ment du dispositif pr\u00e9c\u00e9dent, il est possible d\u2019organiser une intervention de l\u2019orateur en classe apr\u00e8s l\u2019\u00e9v\u00e9nement, sous r\u00e9serve de disponibilit\u00e9.<\/li>\n\n\n\n<li><strong>Travailler sur une vid\u00e9o pass\u00e9e&nbsp;<\/strong><br>\u00c0 tout moment, les enseignants peuvent demander \u00e0 travailler sur une vid\u00e9o d\u2019une \u00e9dition pr\u00e9c\u00e9dente et solliciter l\u2019intervention de l\u2019orateur correspondant. Il suffit de fournir le nom d\u2019une ou plusieurs interventions, et l\u2019\u00e9quipe v\u00e9rifie la disponibilit\u00e9 de l\u2019orateur et facilite la mise en contact.<\/li>\n<\/ol>\n\n\n\n<p><strong>Liste de diffusion \u00e0 destination des enseignants.<\/strong> <br>Les enseignants qui souhaitent recevoir les annonces et informations p\u00e9dagogiques li\u00e9es aux Treize Minutes Marseille peuvent s&rsquo;abonner \u00e0 la liste de diffusion d\u00e9di\u00e9e aux scolaires <a href=\"https:\/\/mailman.lis-lab.fr\/lists\/listinfo\/treize-scolaires\" target=\"_blank\" rel=\"noreferrer noopener\">(cliquer ici)<\/a>.<\/p>","protected":false},"excerpt":{"rendered":"<p>Dispositifs pour les scolaires Les Treize Minutes Marseille s\u2019adressent principalement aux lyc\u00e9ens, mais certaines activit\u00e9s peuvent \u00e9galement convenir aux coll\u00e9giens. Trois dispositifs ont \u00e9t\u00e9 con\u00e7us pour r\u00e9pondre \u00e0 diff\u00e9rents besoins p\u00e9dagogiques: Liste de diffusion \u00e0 destination des enseignants. Les enseignants qui souhaitent recevoir les annonces et informations p\u00e9dagogiques li\u00e9es aux Treize Minutes Marseille peuvent s&rsquo;abonner &hellip; <a href=\"https:\/\/treize.lis-lab.fr\/?page_id=2029\" class=\"more-link\">Continuer la lecture de <span class=\"screen-reader-text\">Scolaires<\/span> <span class=\"meta-nav\">&rarr;<\/span><\/a><\/p>","protected":false},"author":7,"featured_media":0,"parent":0,"menu_order":0,"comment_status":"closed","ping_status":"closed","template":"","meta":{"__cvm_playback_settings":[],"__cvm_video_id":"","footnotes":""},"class_list":["post-2029","page","type-page","status-publish","hentry"],"_links":{"self":[{"href":"https:\/\/treize.lis-lab.fr\/index.php?rest_route=\/wp\/v2\/pages\/2029","targetHints":{"allow":["GET"]}}],"collection":[{"href":"https:\/\/treize.lis-lab.fr\/index.php?rest_route=\/wp\/v2\/pages"}],"about":[{"href":"https:\/\/treize.lis-lab.fr\/index.php?rest_route=\/wp\/v2\/types\/page"}],"author":[{"embeddable":true,"href":"https:\/\/treize.lis-lab.fr\/index.php?rest_route=\/wp\/v2\/users\/7"}],"replies":[{"embeddable":true,"href":"https:\/\/treize.lis-lab.fr\/index.php?rest_route=%2Fwp%2Fv2%2Fcomments&post=2029"}],"version-history":[{"count":13,"href":"https:\/\/treize.lis-lab.fr\/index.php?rest_route=\/wp\/v2\/pages\/2029\/revisions"}],"predecessor-version":[{"id":2302,"href":"https:\/\/treize.lis-lab.fr\/index.php?rest_route=\/wp\/v2\/pages\/2029\/revisions\/2302"}],"wp:attachment":[{"href":"https:\/\/treize.lis-lab.fr\/index.php?rest_route=%2Fwp%2Fv2%2Fmedia&parent=2029"}],"curies":[{"name":"wp","href":"https:\/\/api.w.org\/{rel}","templated":true}]}}