{"id":1171,"date":"2020-10-09T15:12:08","date_gmt":"2020-10-09T15:12:08","guid":{"rendered":"https:\/\/treize.lis-lab.fr\/?page_id=1171"},"modified":"2026-04-03T21:44:14","modified_gmt":"2026-04-03T21:44:14","slug":"accueil-2020","status":"publish","type":"page","link":"https:\/\/treize.lis-lab.fr\/","title":{"rendered":"Accueil"},"content":{"rendered":"<!--<iframe loading=\"lazy\" src=\"https:\/\/amupod.univ-amu.fr\/video\/19517-replay-treize-minutes-jeunes-chercheuses-15-decembre-2021\/?is_iframe=true\" style=\"padding: 0; margin: 0; border:0 \" allowfullscreen=\"\" width=\"684\" height=\"385\"><\/iframe>-->\n\n\n\n<h1 class=\"has-text-align-center\"><br>Treize Minutes Marseille 2026<\/h1>\n<h1 class=\"has-text-align-center\">Mardi 7 avril 2026<\/h1>\n<h1 class=\"has-text-align-center\">Deux repr\u00e9sentations \u00e0 17h et \u00e0 20h30<\/h1>\n<!--<h1 class=\"has-text-align-center\">Treize Minutes Jeunes Chercheurs<br>Vendredi 24 novembre 2023 \u00e0 18h<br>Amphi Gastaut, Le Pharo<\/h1>\n<h2 class=\"has-text-align-center\"><a href=\"https:\/\/www.helloasso.com\/associations\/hippo-these\/evenements\/billetterie-gratuite-des-13-minutes-jeunes-chercheurs\" target=\"_blank\" rel=\"noopener\">Cliquez ici<\/a> pour r\u00e9server votre place<\/h2>-->\n\n\n\n<h1 class=\"has-text-align-center\"><a rel=\"noreferrer noopener\" aria-label=\"Espace Julien (opens in a new tab)\" href=\"https:\/\/www.espace-julien.com\/fr\/acces-billetterie\/pratique\" target=\"_blank\">Espace Julien<\/a>, Marseille <\/h1>\n\n\n<!--<h2>Ouverture des inscriptions et programme : mi-f\u00e9vrier 2026<\/h2>-->\n\n<h2 class=\"has-text-align-center\"><a href=\"https:\/\/www.eventbrite.fr\/e\/billets-treize-minutes-marseille-2026-1983521238419\" target=\"_blank\" rel=\"noopener\">Cliquez ici<\/a> pour r\u00e9server votre place<\/h2>\n\n\n\n<!--<h3 class=\"has-text-align-center\"><a rel=\"noreferrer noopener\" aria-label=\"reservation (opens in a new tab)\" href=\"https:\/\/www.eventbrite.fr\/e\/billets-treize-minutes-marseille-2024-846868766277\" target=\"_blank\">(r\u00e9servez votre place ici)<\/a><\/h3>-->\n\n\n\n<h2 class=\"wp-block-heading has-text-align-center\"><small><em><!--Retrouvez l'\u00e9dition 2023 <a href=\"https:\/\/treize.lis-lab.fr\/?page_id=388\">en replay ici<\/a> en attendant la finalisation des vid\u00e9os.--><\/em><\/small><\/h2>\n\n\n\n<!--\n<p style=\"text-align:center\">Streaming en direct \u00e0 20h30: lien \u00e0 venir.<\/p><br>\n-->\n<!--\n<h1 style=\"text-align:center\"><small>Le streaming en direct \u00e0 20h30, c'est  <a href=\"https:\/\/www.youtube.com\/watch?v=25tzieN8sW8\">ici<\/a> (ou <a href=\"https:\/\/www.youtube.com\/@treizeminutesmarseille\/streams\">l\u00e0<\/a>).<\/small><\/h1><br>\n -->\n<!--\n<h1 style=\"text-align:center\"><small>Le streaming en direct \u00e0 20h30, c'est  <a href=\"https:\/\/www.youtube.com\/@treizeminutesmarseille\">ici<\/a> (cliquer sur le direct).<\/small><\/h1><br>\n-->\n<!--\n<h2 style=\"text-align:center\">Le replay de l'\u00e9dition 2025, c'est  <a href=\"https:\/\/youtu.be\/0ijaDnXLb64?t=145\">ici<\/a>.<\/h2><br>\n-->\n<!--<h2 style=\"text-align:center\">Le replay de l'\u00e9dition 2024, c'est  <a href=\"https:\/\/youtu.be\/yU8UvTFKJk0?t=229\">ici<\/a>.<\/h2><br>-->\n<!--\n<h2 style=\"text-align:center\"><a href=\"https:\/\/esope21.wordpress.com\/conferences-a-venir\/\" target=\"_blank\">Avant-premi\u00e8re \u00e0 Rians<\/a> vendredi 28 mars 2025 \u00e0 19h<\/h2>\n-->\n<h3 style=\"text-align:center\"><a href=\"https:\/\/mediatheques.vitrolles13.fr\/Default\/doc\/AGENDA\/1218\/conference-treize-minutes\" target=\"_blank\">Avant-premi\u00e8re \u00e0 la M\u00e9diath\u00e8que de Vitrolles<\/a> mardi 31 mars \u00e0 18h30<\/h3>\n\n\n\n<p>Pour leur nouvelle \u00e9dition, les Treize Minutes Marseille vous donnent rendez-vous <strong>\u00e0 l&rsquo;Espace Julien \u00e0 Marseille<\/strong> ! Un \u00ab butinage \u00bb intellectuel qui a fait le succ\u00e8s des conf\u00e9rences TED. Des sujets vari\u00e9s abord\u00e9s par des intervenants d\u2019horizons divers allant des sciences humaines et sociales aux sciences exp\u00e9rimentales\u2026<\/p>\n\n\n\n<div class=\"wp-block-image\"><figure class=\"alignleft\"><img decoding=\"async\" src=\"https:\/\/treize.lis-lab.fr\/wps\/wp-content\/uploads\/visuel2026_330x330.png\" alt=\"visuel2026_330x330\" class=\"wp-image-1615\"><\/figure><\/div>\n\n<!--\n<div class=\"wp-block-image\"><figure class=\"alignleft\"><img decoding=\"async\" src=\"https:\/\/treize.lis-lab.fr\/wps\/wp-content\/uploads\/treize_330x330.gif \" alt=\"treize_330x330\" class=\"wp-image-2258\"><\/figure><\/div>\n-->\n\n\n\n<div class=\"programme_accueil\">\n<div class=\"titre_treize\">Et toi, quel est ton motif ?<\/div>\n<div class=\"auteur_treize\">Etienne Moutot<\/div>\n<div class=\"titre_treize\"> Huit maladies ou Papa mouchoir ?\n<\/div>\n<div class=\"auteur_treize\">Carine Baxerres<\/div>\n<div class=\"titre_treize\">La fi\u00e8vre de l&rsquo;IA<\/div>\n<div class=\"auteur_treize\">Constance Douwes<\/div>\n<div class=\"titre_treize\">Des \u00eeles \u00e0 la noix ? <\/div>\n<div class=\"auteur_treize\">S\u00e9bastien Galliot<\/div>\n<div class=\"titre_treize\">Les cous du hasard<\/div>\n<div class=\"auteur_treize\">Magali Coupaud<\/div>\n<div class=\"titre_treize\">Du silence au chaos<\/div>\n<div class=\"auteur_treize\">Tom Colinot<\/div>\n<\/div>\n\n<!--\n<div class=\"programme_accueil_texte_seul\">\n<p>En attendant la prochaine \u00e9dition, retrouvez <a href=\"https:\/\/treize.lis-lab.fr\/?cat=3\">toutes les vid\u00e9os des interventions pass\u00e9es<\/a> et le <a href=\"https:\/\/youtu.be\/0ijaDnXLb64?t=145\">replay de l'\u00e9dition 2025<\/a>.<\/p>\n<\/div>\n-->\n<!-- PROGRAMME, C'EST ICI!!\n<div class=\"programme_accueil\">\n<div class=\"titre_treize\">Vingt mille lumi\u00e8res sous la mer<\/div>\n<div class=\"auteur_treize\">S\u00e9verine Martini<\/div>\n<div class=\"titre_treize\">Manouchian : une odyss\u00e9e de l'arm\u00e9nien au fran\u00e7ais <\/div>\n<div class=\"auteur_treize\">St\u00e9phane Cermakian<\/div>\n<div class=\"titre_treize\"> Ta m\u00e8re la Chim\u00e8re... et les autres\n<\/div>\n<div class=\"auteur_treize\">Nathalie Lambert<\/div>\n<div class=\"titre_treize\">Partir un jour, partir pour toujours ?<\/div>\n<div class=\"auteur_treize\">Marie-Laurence Flahaux<\/div>\n<div class=\"titre_treize\">IA, ma belle IA, suis-je vraiment unique ?<\/div>\n<div class=\"auteur_treize\">Paul Villoutreix<\/div>\n<div class=\"titre_treize\">Curry de poisson chat<\/div>\n<div class=\"auteur_treize\">Louise Pichard Bertaux<\/div>\n<\/div>\n-->\n\n\n\n<!--<div class=\"wp-block-image\"><figure class=\"alignleft\"><img decoding=\"async\" src=\"https:\/\/treize.lis-lab.fr\/wps\/wp-content\/uploads\/fauteuil2020_330x330.png\" alt=\"fauteuil2020_330x330\" class=\"wp-image-1174\"><\/figure><\/div>-->\n\n\n\n<!--\n<div class=\"lsf_accueil\">\n<small>Traduction en direct en Langue des Signes Fran\u00e7aise \u00e0 17h et 20h30.<\/small>\n<img loading=\"lazy\" decoding=\"async\" class=\"size-full alignnone\" src=\"https:\/\/treize.lis-lab.fr\/wps\/wp-content\/uploads\/logo_web_mains_lsf_white.png\" alt=\"logo LSF\" width=\"39\" height=\"45\">\n<\/div>\n-->\n\n\n\n<!--\n<div class=\"programme_accueil\">\n<div class=\"titre_treize\">Quoi ? Des virus qui soignent ?<\/div>\n<div class=\"auteur_treize\">Mireille Ansaldi<\/div>\n<div class=\"titre_treize\">La com\u00e8te... dans ta face ?<\/div>\n<div class=\"auteur_treize\">Fabrice Feinstein<\/div>\n<div class=\"titre_treize\">Histoire d'A<\/div>\n<div class=\"auteur_treize\">Adeline Duperray<\/div>\n<div class=\"titre_treize\">Virus masqu\u00e9<\/div>\n<div class=\"auteur_treize\">Etienne Decroly<\/div>\n<div class=\"titre_treize\">La glottophobie, qu'esseu queu \u00e7a veut direuu ?<\/div>\n<div class=\"auteur_treize\">M\u00e9d\u00e9ric Gasquet-Cyrus<\/div>\n<\/div>\n-->\n\n\n\n<!--<figure class=\"wp-block-embed is-type-video is-provider-youtube wp-block-embed-youtube wp-embed-aspect-16-9 wp-has-aspect-ratio\"><div class=\"wp-block-embed__wrapper\">\nhttps:\/\/www.youtube.com\/watch?v=ODo557FNPjw\n<\/div><\/figure>-->\n\n\n\n<!--<h1 class=\"has-text-align-center\">et en streaming en direct<\/h1>-->\n\n\n\n<!--<h1 style=\"text-align:center\"><small><a href=\"https:\/\/treize.lis-lab.fr\/?page_id=388\">&gt;&gt; Streaming en direct \u00e0 20h &lt;&lt; <\/a><\/small><\/h1>-->\n\n\n\n<!-- CAPSULES! -->\n<div><iframe src=\"https:\/\/vimeo.com\/showcase\/12131621\/embed?autoplay=0\" allow=\"fullscreen\" allowfullscreen=\"\" style=\"padding:50px 0px;width:100%;height:600px;\" frameborder=\"0\"><\/iframe><\/div>\n\n\n\n<p><\/p>","protected":false},"excerpt":{"rendered":"<p>Treize Minutes Marseille 2026 Mardi 7 avril 2026 Deux repr\u00e9sentations \u00e0 17h et \u00e0 20h30 Espace Julien, Marseille Cliquez ici pour r\u00e9server votre place Avant-premi\u00e8re \u00e0 la M\u00e9diath\u00e8que de Vitrolles mardi 31 mars \u00e0 18h30 Pour leur nouvelle \u00e9dition, les Treize Minutes Marseille vous donnent rendez-vous \u00e0 l&rsquo;Espace Julien \u00e0 Marseille ! Un \u00ab butinage &hellip; <a href=\"https:\/\/treize.lis-lab.fr\/\" class=\"more-link\">Continuer la lecture de <span class=\"screen-reader-text\">Accueil<\/span> <span class=\"meta-nav\">&rarr;<\/span><\/a><\/p>","protected":false},"author":2,"featured_media":0,"parent":0,"menu_order":0,"comment_status":"closed","ping_status":"closed","template":"","meta":{"__cvm_playback_settings":[],"__cvm_video_id":"","footnotes":""},"class_list":["post-1171","page","type-page","status-publish","hentry"],"_links":{"self":[{"href":"https:\/\/treize.lis-lab.fr\/index.php?rest_route=\/wp\/v2\/pages\/1171","targetHints":{"allow":["GET"]}}],"collection":[{"href":"https:\/\/treize.lis-lab.fr\/index.php?rest_route=\/wp\/v2\/pages"}],"about":[{"href":"https:\/\/treize.lis-lab.fr\/index.php?rest_route=\/wp\/v2\/types\/page"}],"author":[{"embeddable":true,"href":"https:\/\/treize.lis-lab.fr\/index.php?rest_route=\/wp\/v2\/users\/2"}],"replies":[{"embeddable":true,"href":"https:\/\/treize.lis-lab.fr\/index.php?rest_route=%2Fwp%2Fv2%2Fcomments&post=1171"}],"version-history":[{"count":225,"href":"https:\/\/treize.lis-lab.fr\/index.php?rest_route=\/wp\/v2\/pages\/1171\/revisions"}],"predecessor-version":[{"id":2364,"href":"https:\/\/treize.lis-lab.fr\/index.php?rest_route=\/wp\/v2\/pages\/1171\/revisions\/2364"}],"wp:attachment":[{"href":"https:\/\/treize.lis-lab.fr\/index.php?rest_route=%2Fwp%2Fv2%2Fmedia&parent=1171"}],"curies":[{"name":"wp","href":"https:\/\/api.w.org\/{rel}","templated":true}]}}